{"id":10,"date":"2023-03-01T10:14:40","date_gmt":"2023-03-01T10:14:40","guid":{"rendered":"https:\/\/steroiderfortjejer.com\/?page_id=10"},"modified":"2023-06-26T03:30:12","modified_gmt":"2023-06-26T03:30:12","slug":"vi-testar-steroider-for-killar","status":"publish","type":"page","link":"https:\/\/steroiderfortjejer.com\/?page_id=10","title":{"rendered":"<strong>Vi testar steroider f\u00f6r killar<\/strong>"},"content":{"rendered":"\n<h2>Vi testar olika m\u00e4rken av anabola steroider i Sverige<\/h2>\n\n\n\n<p>Vi \u00e4r ett glatt kompisg\u00e4ng som <a href=\"https:\/\/steroiderfortjejer.com\/\">testar olika m\u00e4rken av anabola steroider i Sverige<\/a> helt anonymt. Vi skriver sedan hur vi upplever att steroiderna gett f\u00f6r resultat, vilket m\u00e4rke, vilken dos vi har anv\u00e4nt och hur l\u00e4nge kuren har varat. Vi har kommit olika l\u00e5ngt i anv\u00e4ndningen av anabola steroider samt \u00e4r i olika \u00e5ldrar och har tr\u00e4nat p\u00e5 gym olika l\u00e4nge. Vi har sedan bed\u00f6mt den steroid som vi har testat p\u00e5 en 10-gradig skala.<\/p>\n\n\n\n<h2>Tillverkarna vet inte om att vi testar deras steroider<\/h2>\n\n\n\n<p>Tillverkarna och hemsidorna d\u00e4r vi valt att <a href=\"https:\/\/anabolasteroider.net\/\">k\u00f6pa steroider<\/a> vet inte om att vi testar eller ska testa deras steroider. Allt f\u00f6r att f\u00e5 en s\u00e5 objektiv bed\u00f6mning av varje m\u00e4rke p\u00e5 steroiden som vi testar.<\/p>\n\n\n\n<p>Vi testar och betygs\u00e4tter steroiderna p\u00e5 flera omr\u00e5den<\/p>\n\n\n\n<p>Vi bed\u00f6mer bland annat Hur vialen \u00e4r i kvalitet, g\u00e5r ampullerna s\u00f6nder l\u00e4tt? Hur ser f\u00f6rpackningen ut? Vilket resultat i styrka och tryck ger steroiden? Varje m\u00e4rke p\u00e5 steroiden testas p\u00e5 en skala 1-10, d\u00e4r 1 \u00e4r riktigt d\u00e5ligt, 5 anser vi \u00e4r okej och godk\u00e4nt medans 10 \u00e4r riktigt bra.<\/p>\n\n\n\n<h2>F\u00f6rst ut i testet \u00e4r Testosterone Cypionate<\/h2>\n\n\n\n<p>Nedan \u00e4r de tre f\u00f6rsta testerna vi har valt att g\u00f6ra p\u00e5 Testosteron med l\u00e5ngsamma estrar. Testet p\u00e5b\u00f6rjades i januari 2023 och vi var 3st i testpanelen. Vi kurade i 8 veckor p\u00e5 1000mg testosterone i veckan.<\/p>\n\n\n\n<p><strong>Varum\u00e4rke: <\/strong><a href=\"https:\/\/anabolasteroider.net\/\">Anabolasteroider.net<\/a><br><strong>Steroid:<\/strong> Testosterone Cypionate 200mg\/ml<br><strong>F\u00e4rg:<\/strong> Klar och l\u00e4tt gul<br><strong>Vid injektion:<\/strong> Piper inte 10\/10<br><strong>Vialtyp:<\/strong> 1st 10ml vial 9\/10<br><strong>F\u00f6rpackning:<\/strong> Kartong 10\/10<br><strong>Styrka och tryck:<\/strong> 9\/10<br><strong>Helhetsintryck:<\/strong> 10\/10<br><strong>Totaltbetyg:<\/strong> 48\/50<\/p>\n\n\n\n<p><a href=\"https:\/\/anabolasteroider.net\/\">Anabolasteroider.net<\/a> \u00f6veraskar positivt p\u00e5 flera omr\u00e5den med en snygg f\u00f6rpackning och en snygg vial som har en matchande design med f\u00f6rpackningen och hemsidan. Det \u00e4r j\u00e4mnt med olja n\u00e4r vi st\u00e4ller vialerna bredvid varandra och det piper inte vid injektion. Trycket vi fick av testosterone cypionate fr\u00e5n Anabolasteroider.net m\u00e4rktes tydligt redan efter en vecka var \u00f6verl\u00e4gset. Detta \u00e4r den testosteron vi rekommenderar och kommer anv\u00e4nda oss av tills vi hittar ett b\u00e4ttre.<\/p>\n","protected":false},"excerpt":{"rendered":"<p>Vi testar olika m\u00e4rken av anabola steroider i Sverige Vi \u00e4r ett glatt kompisg\u00e4ng som testar olika m\u00e4rken av anabola steroider i Sverige helt anonymt. Vi skriver sedan hur vi upplever att steroiderna gett f\u00f6r resultat, vilket m\u00e4rke, vilken dos vi har anv\u00e4nt och hur l\u00e4nge kuren har varat. Vi har kommit olika l\u00e5ngt i&#8230;<\/p>\n","protected":false},"author":2,"featured_media":23,"parent":0,"menu_order":0,"comment_status":"closed","ping_status":"closed","template":"","meta":[],"yoast_head":"<!-- This site is optimized with the Yoast SEO plugin v20.2 - https:\/\/yoast.com\/wordpress\/plugins\/seo\/ -->\n<title>Vi testar steroider f\u00f6r killar - steroiderfortjejer.com<\/title>\n<meta name=\"description\" content=\"Steroider f\u00f6r killar. Vi testar steroider och skriver sedan vilket resultat steroiderna gett, vilket m\u00e4rke, vilken dos vi har anv\u00e4nt.\" \/>\n<meta name=\"robots\" content=\"index, follow, max-snippet:-1, max-image-preview:large, max-video-preview:-1\" \/>\n<link rel=\"canonical\" href=\"https:\/\/steroiderfortjejer.com\/?page_id=10\" \/>\n<meta property=\"og:locale\" content=\"sv_SE\" \/>\n<meta property=\"og:type\" content=\"article\" \/>\n<meta property=\"og:title\" content=\"Vi testar steroider f\u00f6r killar - steroiderfortjejer.com\" \/>\n<meta property=\"og:description\" content=\"Steroider f\u00f6r killar. Vi testar steroider och skriver sedan vilket resultat steroiderna gett, vilket m\u00e4rke, vilken dos vi har anv\u00e4nt.\" \/>\n<meta property=\"og:url\" content=\"https:\/\/steroiderfortjejer.com\/?page_id=10\" \/>\n<meta property=\"og:site_name\" content=\"steroiderfortjejer.com\" \/>\n<meta property=\"article:modified_time\" content=\"2023-06-26T03:30:12+00:00\" \/>\n<meta property=\"og:image\" content=\"http:\/\/steroiderfortjejer.com\/wp-content\/uploads\/2023\/06\/9-veckors-deff-kur-mid.jpg\" \/>\n\t<meta property=\"og:image:width\" content=\"800\" \/>\n\t<meta property=\"og:image:height\" content=\"800\" \/>\n\t<meta property=\"og:image:type\" content=\"image\/jpeg\" \/>\n<meta name=\"twitter:card\" content=\"summary_large_image\" \/>\n<meta name=\"twitter:label1\" content=\"Ber\u00e4knad l\u00e4stid\" \/>\n\t<meta name=\"twitter:data1\" content=\"2 minuter\" \/>\n<script type=\"application\/ld+json\" class=\"yoast-schema-graph\">{\"@context\":\"https:\/\/schema.org\",\"@graph\":[{\"@type\":\"WebPage\",\"@id\":\"https:\/\/steroiderfortjejer.com\/?page_id=10\",\"url\":\"https:\/\/steroiderfortjejer.com\/?page_id=10\",\"name\":\"Vi testar steroider f\u00f6r killar - steroiderfortjejer.com\",\"isPartOf\":{\"@id\":\"https:\/\/steroiderfortjejer.com\/#website\"},\"datePublished\":\"2023-03-01T10:14:40+00:00\",\"dateModified\":\"2023-06-26T03:30:12+00:00\",\"description\":\"Steroider f\u00f6r killar. Vi testar steroider och skriver sedan vilket resultat steroiderna gett, vilket m\u00e4rke, vilken dos vi har anv\u00e4nt.\",\"breadcrumb\":{\"@id\":\"https:\/\/steroiderfortjejer.com\/?page_id=10#breadcrumb\"},\"inLanguage\":\"sv-SE\",\"potentialAction\":[{\"@type\":\"ReadAction\",\"target\":[\"https:\/\/steroiderfortjejer.com\/?page_id=10\"]}]},{\"@type\":\"BreadcrumbList\",\"@id\":\"https:\/\/steroiderfortjejer.com\/?page_id=10#breadcrumb\",\"itemListElement\":[{\"@type\":\"ListItem\",\"position\":1,\"name\":\"Hem\",\"item\":\"https:\/\/steroiderfortjejer.com\/\"},{\"@type\":\"ListItem\",\"position\":2,\"name\":\"Vi testar steroider f\u00f6r killar\"}]},{\"@type\":\"WebSite\",\"@id\":\"https:\/\/steroiderfortjejer.com\/#website\",\"url\":\"https:\/\/steroiderfortjejer.com\/\",\"name\":\"steroiderfortjejer.com\",\"description\":\"\",\"potentialAction\":[{\"@type\":\"SearchAction\",\"target\":{\"@type\":\"EntryPoint\",\"urlTemplate\":\"https:\/\/steroiderfortjejer.com\/?s={search_term_string}\"},\"query-input\":\"required name=search_term_string\"}],\"inLanguage\":\"sv-SE\"}]}<\/script>\n<!-- \/ Yoast SEO plugin. -->","yoast_head_json":{"title":"Vi testar steroider f\u00f6r killar - steroiderfortjejer.com","description":"Steroider f\u00f6r killar. Vi testar steroider och skriver sedan vilket resultat steroiderna gett, vilket m\u00e4rke, vilken dos vi har anv\u00e4nt.","robots":{"index":"index","follow":"follow","max-snippet":"max-snippet:-1","max-image-preview":"max-image-preview:large","max-video-preview":"max-video-preview:-1"},"canonical":"https:\/\/steroiderfortjejer.com\/?page_id=10","og_locale":"sv_SE","og_type":"article","og_title":"Vi testar steroider f\u00f6r killar - steroiderfortjejer.com","og_description":"Steroider f\u00f6r killar. Vi testar steroider och skriver sedan vilket resultat steroiderna gett, vilket m\u00e4rke, vilken dos vi har anv\u00e4nt.","og_url":"https:\/\/steroiderfortjejer.com\/?page_id=10","og_site_name":"steroiderfortjejer.com","article_modified_time":"2023-06-26T03:30:12+00:00","og_image":[{"width":800,"height":800,"url":"http:\/\/steroiderfortjejer.com\/wp-content\/uploads\/2023\/06\/9-veckors-deff-kur-mid.jpg","type":"image\/jpeg"}],"twitter_card":"summary_large_image","twitter_misc":{"Ber\u00e4knad l\u00e4stid":"2 minuter"},"schema":{"@context":"https:\/\/schema.org","@graph":[{"@type":"WebPage","@id":"https:\/\/steroiderfortjejer.com\/?page_id=10","url":"https:\/\/steroiderfortjejer.com\/?page_id=10","name":"Vi testar steroider f\u00f6r killar - steroiderfortjejer.com","isPartOf":{"@id":"https:\/\/steroiderfortjejer.com\/#website"},"datePublished":"2023-03-01T10:14:40+00:00","dateModified":"2023-06-26T03:30:12+00:00","description":"Steroider f\u00f6r killar. Vi testar steroider och skriver sedan vilket resultat steroiderna gett, vilket m\u00e4rke, vilken dos vi har anv\u00e4nt.","breadcrumb":{"@id":"https:\/\/steroiderfortjejer.com\/?page_id=10#breadcrumb"},"inLanguage":"sv-SE","potentialAction":[{"@type":"ReadAction","target":["https:\/\/steroiderfortjejer.com\/?page_id=10"]}]},{"@type":"BreadcrumbList","@id":"https:\/\/steroiderfortjejer.com\/?page_id=10#breadcrumb","itemListElement":[{"@type":"ListItem","position":1,"name":"Hem","item":"https:\/\/steroiderfortjejer.com\/"},{"@type":"ListItem","position":2,"name":"Vi testar steroider f\u00f6r killar"}]},{"@type":"WebSite","@id":"https:\/\/steroiderfortjejer.com\/#website","url":"https:\/\/steroiderfortjejer.com\/","name":"steroiderfortjejer.com","description":"","potentialAction":[{"@type":"SearchAction","target":{"@type":"EntryPoint","urlTemplate":"https:\/\/steroiderfortjejer.com\/?s={search_term_string}"},"query-input":"required name=search_term_string"}],"inLanguage":"sv-SE"}]}},"_links":{"self":[{"href":"https:\/\/steroiderfortjejer.com\/index.php?rest_route=\/wp\/v2\/pages\/10"}],"collection":[{"href":"https:\/\/steroiderfortjejer.com\/index.php?rest_route=\/wp\/v2\/pages"}],"about":[{"href":"https:\/\/steroiderfortjejer.com\/index.php?rest_route=\/wp\/v2\/types\/page"}],"author":[{"embeddable":true,"href":"https:\/\/steroiderfortjejer.com\/index.php?rest_route=\/wp\/v2\/users\/2"}],"replies":[{"embeddable":true,"href":"https:\/\/steroiderfortjejer.com\/index.php?rest_route=%2Fwp%2Fv2%2Fcomments&post=10"}],"version-history":[{"count":2,"href":"https:\/\/steroiderfortjejer.com\/index.php?rest_route=\/wp\/v2\/pages\/10\/revisions"}],"predecessor-version":[{"id":14,"href":"https:\/\/steroiderfortjejer.com\/index.php?rest_route=\/wp\/v2\/pages\/10\/revisions\/14"}],"wp:featuredmedia":[{"embeddable":true,"href":"https:\/\/steroiderfortjejer.com\/index.php?rest_route=\/wp\/v2\/media\/23"}],"wp:attachment":[{"href":"https:\/\/steroiderfortjejer.com\/index.php?rest_route=%2Fwp%2Fv2%2Fmedia&parent=10"}],"curies":[{"name":"wp","href":"https:\/\/api.w.org\/{rel}","templated":true}]}}