{"id":2,"date":"2023-02-27T11:07:30","date_gmt":"2023-02-27T11:07:30","guid":{"rendered":"http:\/\/steroiderfortjejer.com\/?page_id=2"},"modified":"2023-06-26T03:32:18","modified_gmt":"2023-06-26T03:32:18","slug":"sample-page","status":"publish","type":"page","link":"https:\/\/steroiderfortjejer.com\/","title":{"rendered":"<strong>Vi testar steroider<\/strong>"},"content":{"rendered":"\n<p>Vi \u00e4r ett glatt kompisg\u00e4ng som <a href=\"https:\/\/steroiderfortjejer.com\/?page_id=10\">testar olika m\u00e4rken av anabola steroider<\/a> i Sverige helt anonymt. Vi skriver sedan hur vi upplever att steroiderna gett f\u00f6r resultat, vilket m\u00e4rke, vilken dos vi har anv\u00e4nt och hur l\u00e4nge kuren har varat. Vi har kommit olika l\u00e5ngt i anv\u00e4ndningen av anabola steroider samt \u00e4r i olika \u00e5ldrar och har tr\u00e4nat p\u00e5 gym olika l\u00e4nge. Vi har sedan bed\u00f6mt den steroid som vi har testat p\u00e5 en 10-gradig skala.<\/p>\n\n\n\n<h2><strong>Tillverkarna vet inte om att vi testar deras steroider<\/strong><\/h2>\n\n\n\n<p>Tillverkarna och <a href=\"https:\/\/anabolasteroider.net\/\">hemsidorna d\u00e4r vi valt att k\u00f6pa steroider<\/a> vet inte om att vi testar eller ska testa deras steroider. Allt f\u00f6r att f\u00e5 en s\u00e5 objektiv bed\u00f6mning av varje m\u00e4rke p\u00e5 steroiden som vi testar.&nbsp;<\/p>\n\n\n\n<h2><strong>Vi testar och betygs\u00e4tter steroiderna p\u00e5 flera omr\u00e5den<\/strong><\/h2>\n\n\n\n<p>Vi bed\u00f6mer bland annat hur vialen \u00e4r i kvalitet, g\u00e5r ampullerna s\u00f6nder l\u00e4tt? Hur ser f\u00f6rpackningen ut? Vilket resultat i styrka och tryck ger steroiden? Varje m\u00e4rke p\u00e5 steroiden testas p\u00e5 en skala 1-10, d\u00e4r 1 \u00e4r riktigt d\u00e5ligt, 5 anser vi \u00e4r okej och godk\u00e4nt medans 10 \u00e4r riktigt bra.<\/p>\n","protected":false},"excerpt":{"rendered":"<p>Vi \u00e4r ett glatt kompisg\u00e4ng som testar olika m\u00e4rken av anabola steroider i Sverige helt anonymt. Vi skriver sedan hur vi upplever att steroiderna gett f\u00f6r resultat, vilket m\u00e4rke, vilken dos vi har anv\u00e4nt och hur l\u00e4nge kuren har varat. Vi har kommit olika l\u00e5ngt i anv\u00e4ndningen av anabola steroider samt \u00e4r i olika \u00e5ldrar&#8230;<\/p>\n","protected":false},"author":2,"featured_media":23,"parent":0,"menu_order":0,"comment_status":"closed","ping_status":"open","template":"","meta":[],"yoast_head":"<!-- This site is optimized with the Yoast SEO plugin v20.2 - https:\/\/yoast.com\/wordpress\/plugins\/seo\/ -->\n<title>Vi testar steroider - steroiderfortjejer.com<\/title>\n<meta name=\"description\" content=\"Vi testar steroider. Hur vialen \u00e4r i kvalitet, g\u00e5r ampullerna s\u00f6nder? Hur ser f\u00f6rpackningen ut? Vilket resultat i styrka?\" \/>\n<meta name=\"robots\" content=\"index, follow, max-snippet:-1, max-image-preview:large, max-video-preview:-1\" \/>\n<link rel=\"canonical\" href=\"https:\/\/steroiderfortjejer.com\/\" \/>\n<meta property=\"og:locale\" content=\"sv_SE\" \/>\n<meta property=\"og:type\" content=\"article\" \/>\n<meta property=\"og:title\" content=\"Vi testar steroider - steroiderfortjejer.com\" \/>\n<meta property=\"og:description\" content=\"Vi testar steroider. Hur vialen \u00e4r i kvalitet, g\u00e5r ampullerna s\u00f6nder? Hur ser f\u00f6rpackningen ut? Vilket resultat i styrka?\" \/>\n<meta property=\"og:url\" content=\"https:\/\/steroiderfortjejer.com\/\" \/>\n<meta property=\"og:site_name\" content=\"steroiderfortjejer.com\" \/>\n<meta property=\"article:modified_time\" content=\"2023-06-26T03:32:18+00:00\" \/>\n<meta property=\"og:image\" content=\"http:\/\/steroiderfortjejer.com\/wp-content\/uploads\/2023\/06\/9-veckors-deff-kur-mid.jpg\" \/>\n\t<meta property=\"og:image:width\" content=\"800\" \/>\n\t<meta property=\"og:image:height\" content=\"800\" \/>\n\t<meta property=\"og:image:type\" content=\"image\/jpeg\" \/>\n<meta name=\"twitter:card\" content=\"summary_large_image\" \/>\n<meta name=\"twitter:label1\" content=\"Ber\u00e4knad l\u00e4stid\" \/>\n\t<meta name=\"twitter:data1\" content=\"1 minut\" \/>\n<script type=\"application\/ld+json\" class=\"yoast-schema-graph\">{\"@context\":\"https:\/\/schema.org\",\"@graph\":[{\"@type\":\"WebPage\",\"@id\":\"https:\/\/steroiderfortjejer.com\/\",\"url\":\"https:\/\/steroiderfortjejer.com\/\",\"name\":\"Vi testar steroider - steroiderfortjejer.com\",\"isPartOf\":{\"@id\":\"https:\/\/steroiderfortjejer.com\/#website\"},\"datePublished\":\"2023-02-27T11:07:30+00:00\",\"dateModified\":\"2023-06-26T03:32:18+00:00\",\"description\":\"Vi testar steroider. Hur vialen \u00e4r i kvalitet, g\u00e5r ampullerna s\u00f6nder? Hur ser f\u00f6rpackningen ut? Vilket resultat i styrka?\",\"breadcrumb\":{\"@id\":\"https:\/\/steroiderfortjejer.com\/#breadcrumb\"},\"inLanguage\":\"sv-SE\",\"potentialAction\":[{\"@type\":\"ReadAction\",\"target\":[\"https:\/\/steroiderfortjejer.com\/\"]}]},{\"@type\":\"BreadcrumbList\",\"@id\":\"https:\/\/steroiderfortjejer.com\/#breadcrumb\",\"itemListElement\":[{\"@type\":\"ListItem\",\"position\":1,\"name\":\"Hem\",\"item\":\"https:\/\/steroiderfortjejer.com\/\"},{\"@type\":\"ListItem\",\"position\":2,\"name\":\"Vi testar steroider\"}]},{\"@type\":\"WebSite\",\"@id\":\"https:\/\/steroiderfortjejer.com\/#website\",\"url\":\"https:\/\/steroiderfortjejer.com\/\",\"name\":\"steroiderfortjejer.com\",\"description\":\"\",\"potentialAction\":[{\"@type\":\"SearchAction\",\"target\":{\"@type\":\"EntryPoint\",\"urlTemplate\":\"https:\/\/steroiderfortjejer.com\/?s={search_term_string}\"},\"query-input\":\"required name=search_term_string\"}],\"inLanguage\":\"sv-SE\"}]}<\/script>\n<!-- \/ Yoast SEO plugin. -->","yoast_head_json":{"title":"Vi testar steroider - steroiderfortjejer.com","description":"Vi testar steroider. Hur vialen \u00e4r i kvalitet, g\u00e5r ampullerna s\u00f6nder? Hur ser f\u00f6rpackningen ut? Vilket resultat i styrka?","robots":{"index":"index","follow":"follow","max-snippet":"max-snippet:-1","max-image-preview":"max-image-preview:large","max-video-preview":"max-video-preview:-1"},"canonical":"https:\/\/steroiderfortjejer.com\/","og_locale":"sv_SE","og_type":"article","og_title":"Vi testar steroider - steroiderfortjejer.com","og_description":"Vi testar steroider. Hur vialen \u00e4r i kvalitet, g\u00e5r ampullerna s\u00f6nder? Hur ser f\u00f6rpackningen ut? Vilket resultat i styrka?","og_url":"https:\/\/steroiderfortjejer.com\/","og_site_name":"steroiderfortjejer.com","article_modified_time":"2023-06-26T03:32:18+00:00","og_image":[{"width":800,"height":800,"url":"http:\/\/steroiderfortjejer.com\/wp-content\/uploads\/2023\/06\/9-veckors-deff-kur-mid.jpg","type":"image\/jpeg"}],"twitter_card":"summary_large_image","twitter_misc":{"Ber\u00e4knad l\u00e4stid":"1 minut"},"schema":{"@context":"https:\/\/schema.org","@graph":[{"@type":"WebPage","@id":"https:\/\/steroiderfortjejer.com\/","url":"https:\/\/steroiderfortjejer.com\/","name":"Vi testar steroider - steroiderfortjejer.com","isPartOf":{"@id":"https:\/\/steroiderfortjejer.com\/#website"},"datePublished":"2023-02-27T11:07:30+00:00","dateModified":"2023-06-26T03:32:18+00:00","description":"Vi testar steroider. Hur vialen \u00e4r i kvalitet, g\u00e5r ampullerna s\u00f6nder? Hur ser f\u00f6rpackningen ut? Vilket resultat i styrka?","breadcrumb":{"@id":"https:\/\/steroiderfortjejer.com\/#breadcrumb"},"inLanguage":"sv-SE","potentialAction":[{"@type":"ReadAction","target":["https:\/\/steroiderfortjejer.com\/"]}]},{"@type":"BreadcrumbList","@id":"https:\/\/steroiderfortjejer.com\/#breadcrumb","itemListElement":[{"@type":"ListItem","position":1,"name":"Hem","item":"https:\/\/steroiderfortjejer.com\/"},{"@type":"ListItem","position":2,"name":"Vi testar steroider"}]},{"@type":"WebSite","@id":"https:\/\/steroiderfortjejer.com\/#website","url":"https:\/\/steroiderfortjejer.com\/","name":"steroiderfortjejer.com","description":"","potentialAction":[{"@type":"SearchAction","target":{"@type":"EntryPoint","urlTemplate":"https:\/\/steroiderfortjejer.com\/?s={search_term_string}"},"query-input":"required name=search_term_string"}],"inLanguage":"sv-SE"}]}},"_links":{"self":[{"href":"https:\/\/steroiderfortjejer.com\/index.php?rest_route=\/wp\/v2\/pages\/2"}],"collection":[{"href":"https:\/\/steroiderfortjejer.com\/index.php?rest_route=\/wp\/v2\/pages"}],"about":[{"href":"https:\/\/steroiderfortjejer.com\/index.php?rest_route=\/wp\/v2\/types\/page"}],"author":[{"embeddable":true,"href":"https:\/\/steroiderfortjejer.com\/index.php?rest_route=\/wp\/v2\/users\/2"}],"replies":[{"embeddable":true,"href":"https:\/\/steroiderfortjejer.com\/index.php?rest_route=%2Fwp%2Fv2%2Fcomments&post=2"}],"version-history":[{"count":4,"href":"https:\/\/steroiderfortjejer.com\/index.php?rest_route=\/wp\/v2\/pages\/2\/revisions"}],"predecessor-version":[{"id":24,"href":"https:\/\/steroiderfortjejer.com\/index.php?rest_route=\/wp\/v2\/pages\/2\/revisions\/24"}],"wp:featuredmedia":[{"embeddable":true,"href":"https:\/\/steroiderfortjejer.com\/index.php?rest_route=\/wp\/v2\/media\/23"}],"wp:attachment":[{"href":"https:\/\/steroiderfortjejer.com\/index.php?rest_route=%2Fwp%2Fv2%2Fmedia&parent=2"}],"curies":[{"name":"wp","href":"https:\/\/api.w.org\/{rel}","templated":true}]}}