{"id":35,"date":"2023-12-07T11:34:44","date_gmt":"2023-12-07T11:34:44","guid":{"rendered":"https:\/\/steroiderfortjejer.com\/?page_id=35"},"modified":"2023-12-07T11:37:55","modified_gmt":"2023-12-07T11:37:55","slug":"melanotan-2","status":"publish","type":"page","link":"https:\/\/steroiderfortjejer.com\/?page_id=35","title":{"rendered":"Melanotan 2"},"content":{"rendered":"\n<p>Melanotan 2 g\u00f6r att du blir brunare \u00e4n vanligt n\u00e4r du solar utan att du br\u00e4nner dig. <a href=\"https:\/\/anabolasteroider.net\/shop\/alla-produkter\/melanotan-2-10mg\/\">Melanotan 2<\/a> kallas ofta Mello eller barbiedrogen. Flera brukare f\u00e5r \u00f6kad sexlust och l\u00e4gre kropssfett. L\u00e4s g\u00e4rna p\u00e5 <a href=\"https:\/\/anabolasteroider.net\/\">Anabolasterioder.net<\/a> i deras FaQ om Melanotan 2 som beskriver i detalj hur du anv\u00e4nder Melanotan p\u00e5 r\u00e4tt s\u00e4tt.\u00a0<a href=\"https:\/\/anabolasteroider.net\/melanotan-2\/\">Du hittar deras FaQ genom att klicka h\u00e4r.<\/a><\/p>\n","protected":false},"excerpt":{"rendered":"<p>Melanotan 2 g\u00f6r att du blir brunare \u00e4n vanligt n\u00e4r du solar utan att du br\u00e4nner dig. Melanotan 2 kallas ofta Mello eller barbiedrogen. Flera brukare f\u00e5r \u00f6kad sexlust och l\u00e4gre kropssfett. L\u00e4s g\u00e4rna p\u00e5 Anabolasterioder.net i deras FaQ om Melanotan 2 som beskriver i detalj hur du anv\u00e4nder Melanotan p\u00e5 r\u00e4tt s\u00e4tt.\u00a0Du hittar deras&#8230;<\/p>\n","protected":false},"author":2,"featured_media":36,"parent":0,"menu_order":0,"comment_status":"closed","ping_status":"closed","template":"","meta":[],"yoast_head":"<!-- This site is optimized with the Yoast SEO plugin v20.2 - https:\/\/yoast.com\/wordpress\/plugins\/seo\/ -->\n<title>Melanotan 2 - steroiderfortjejer.com<\/title>\n<meta name=\"description\" content=\"Melanotan 2 g\u00f6r att du blir brunare \u00e4n vanligt n\u00e4r du solar utan att du br\u00e4nner dig. Melanotan 2 kallas ofta Mello eller barbiedrogen.\" \/>\n<meta name=\"robots\" content=\"index, follow, max-snippet:-1, max-image-preview:large, max-video-preview:-1\" \/>\n<link rel=\"canonical\" href=\"https:\/\/steroiderfortjejer.com\/?page_id=35\" \/>\n<meta property=\"og:locale\" content=\"sv_SE\" \/>\n<meta property=\"og:type\" content=\"article\" \/>\n<meta property=\"og:title\" content=\"Melanotan 2 - steroiderfortjejer.com\" \/>\n<meta property=\"og:description\" content=\"Melanotan 2 g\u00f6r att du blir brunare \u00e4n vanligt n\u00e4r du solar utan att du br\u00e4nner dig. Melanotan 2 kallas ofta Mello eller barbiedrogen.\" \/>\n<meta property=\"og:url\" content=\"https:\/\/steroiderfortjejer.com\/?page_id=35\" \/>\n<meta property=\"og:site_name\" content=\"steroiderfortjejer.com\" \/>\n<meta property=\"article:modified_time\" content=\"2023-12-07T11:37:55+00:00\" \/>\n<meta property=\"og:image\" content=\"http:\/\/steroiderfortjejer.com\/wp-content\/uploads\/2023\/12\/Melanotan_2.png\" \/>\n\t<meta property=\"og:image:width\" content=\"716\" \/>\n\t<meta property=\"og:image:height\" content=\"392\" \/>\n\t<meta property=\"og:image:type\" content=\"image\/png\" \/>\n<meta name=\"twitter:card\" content=\"summary_large_image\" \/>\n<meta name=\"twitter:label1\" content=\"Ber\u00e4knad l\u00e4stid\" \/>\n\t<meta name=\"twitter:data1\" content=\"1 minut\" \/>\n<script type=\"application\/ld+json\" class=\"yoast-schema-graph\">{\"@context\":\"https:\/\/schema.org\",\"@graph\":[{\"@type\":\"WebPage\",\"@id\":\"https:\/\/steroiderfortjejer.com\/?page_id=35\",\"url\":\"https:\/\/steroiderfortjejer.com\/?page_id=35\",\"name\":\"Melanotan 2 - steroiderfortjejer.com\",\"isPartOf\":{\"@id\":\"https:\/\/steroiderfortjejer.com\/#website\"},\"datePublished\":\"2023-12-07T11:34:44+00:00\",\"dateModified\":\"2023-12-07T11:37:55+00:00\",\"description\":\"Melanotan 2 g\u00f6r att du blir brunare \u00e4n vanligt n\u00e4r du solar utan att du br\u00e4nner dig. Melanotan 2 kallas ofta Mello eller barbiedrogen.\",\"breadcrumb\":{\"@id\":\"https:\/\/steroiderfortjejer.com\/?page_id=35#breadcrumb\"},\"inLanguage\":\"sv-SE\",\"potentialAction\":[{\"@type\":\"ReadAction\",\"target\":[\"https:\/\/steroiderfortjejer.com\/?page_id=35\"]}]},{\"@type\":\"BreadcrumbList\",\"@id\":\"https:\/\/steroiderfortjejer.com\/?page_id=35#breadcrumb\",\"itemListElement\":[{\"@type\":\"ListItem\",\"position\":1,\"name\":\"Hem\",\"item\":\"https:\/\/steroiderfortjejer.com\/\"},{\"@type\":\"ListItem\",\"position\":2,\"name\":\"Melanotan 2\"}]},{\"@type\":\"WebSite\",\"@id\":\"https:\/\/steroiderfortjejer.com\/#website\",\"url\":\"https:\/\/steroiderfortjejer.com\/\",\"name\":\"steroiderfortjejer.com\",\"description\":\"\",\"potentialAction\":[{\"@type\":\"SearchAction\",\"target\":{\"@type\":\"EntryPoint\",\"urlTemplate\":\"https:\/\/steroiderfortjejer.com\/?s={search_term_string}\"},\"query-input\":\"required name=search_term_string\"}],\"inLanguage\":\"sv-SE\"}]}<\/script>\n<!-- \/ Yoast SEO plugin. -->","yoast_head_json":{"title":"Melanotan 2 - steroiderfortjejer.com","description":"Melanotan 2 g\u00f6r att du blir brunare \u00e4n vanligt n\u00e4r du solar utan att du br\u00e4nner dig. Melanotan 2 kallas ofta Mello eller barbiedrogen.","robots":{"index":"index","follow":"follow","max-snippet":"max-snippet:-1","max-image-preview":"max-image-preview:large","max-video-preview":"max-video-preview:-1"},"canonical":"https:\/\/steroiderfortjejer.com\/?page_id=35","og_locale":"sv_SE","og_type":"article","og_title":"Melanotan 2 - steroiderfortjejer.com","og_description":"Melanotan 2 g\u00f6r att du blir brunare \u00e4n vanligt n\u00e4r du solar utan att du br\u00e4nner dig. Melanotan 2 kallas ofta Mello eller barbiedrogen.","og_url":"https:\/\/steroiderfortjejer.com\/?page_id=35","og_site_name":"steroiderfortjejer.com","article_modified_time":"2023-12-07T11:37:55+00:00","og_image":[{"width":716,"height":392,"url":"http:\/\/steroiderfortjejer.com\/wp-content\/uploads\/2023\/12\/Melanotan_2.png","type":"image\/png"}],"twitter_card":"summary_large_image","twitter_misc":{"Ber\u00e4knad l\u00e4stid":"1 minut"},"schema":{"@context":"https:\/\/schema.org","@graph":[{"@type":"WebPage","@id":"https:\/\/steroiderfortjejer.com\/?page_id=35","url":"https:\/\/steroiderfortjejer.com\/?page_id=35","name":"Melanotan 2 - steroiderfortjejer.com","isPartOf":{"@id":"https:\/\/steroiderfortjejer.com\/#website"},"datePublished":"2023-12-07T11:34:44+00:00","dateModified":"2023-12-07T11:37:55+00:00","description":"Melanotan 2 g\u00f6r att du blir brunare \u00e4n vanligt n\u00e4r du solar utan att du br\u00e4nner dig. Melanotan 2 kallas ofta Mello eller barbiedrogen.","breadcrumb":{"@id":"https:\/\/steroiderfortjejer.com\/?page_id=35#breadcrumb"},"inLanguage":"sv-SE","potentialAction":[{"@type":"ReadAction","target":["https:\/\/steroiderfortjejer.com\/?page_id=35"]}]},{"@type":"BreadcrumbList","@id":"https:\/\/steroiderfortjejer.com\/?page_id=35#breadcrumb","itemListElement":[{"@type":"ListItem","position":1,"name":"Hem","item":"https:\/\/steroiderfortjejer.com\/"},{"@type":"ListItem","position":2,"name":"Melanotan 2"}]},{"@type":"WebSite","@id":"https:\/\/steroiderfortjejer.com\/#website","url":"https:\/\/steroiderfortjejer.com\/","name":"steroiderfortjejer.com","description":"","potentialAction":[{"@type":"SearchAction","target":{"@type":"EntryPoint","urlTemplate":"https:\/\/steroiderfortjejer.com\/?s={search_term_string}"},"query-input":"required name=search_term_string"}],"inLanguage":"sv-SE"}]}},"_links":{"self":[{"href":"https:\/\/steroiderfortjejer.com\/index.php?rest_route=\/wp\/v2\/pages\/35"}],"collection":[{"href":"https:\/\/steroiderfortjejer.com\/index.php?rest_route=\/wp\/v2\/pages"}],"about":[{"href":"https:\/\/steroiderfortjejer.com\/index.php?rest_route=\/wp\/v2\/types\/page"}],"author":[{"embeddable":true,"href":"https:\/\/steroiderfortjejer.com\/index.php?rest_route=\/wp\/v2\/users\/2"}],"replies":[{"embeddable":true,"href":"https:\/\/steroiderfortjejer.com\/index.php?rest_route=%2Fwp%2Fv2%2Fcomments&post=35"}],"version-history":[{"count":3,"href":"https:\/\/steroiderfortjejer.com\/index.php?rest_route=\/wp\/v2\/pages\/35\/revisions"}],"predecessor-version":[{"id":41,"href":"https:\/\/steroiderfortjejer.com\/index.php?rest_route=\/wp\/v2\/pages\/35\/revisions\/41"}],"wp:featuredmedia":[{"embeddable":true,"href":"https:\/\/steroiderfortjejer.com\/index.php?rest_route=\/wp\/v2\/media\/36"}],"wp:attachment":[{"href":"https:\/\/steroiderfortjejer.com\/index.php?rest_route=%2Fwp%2Fv2%2Fmedia&parent=35"}],"curies":[{"name":"wp","href":"https:\/\/api.w.org\/{rel}","templated":true}]}}