{"id":42,"date":"2024-03-24T14:32:43","date_gmt":"2024-03-24T14:32:43","guid":{"rendered":"https:\/\/steroiderfortjejer.com\/?page_id=42"},"modified":"2024-03-24T14:33:51","modified_gmt":"2024-03-24T14:33:51","slug":"kop-testosteron-av-hog-kvalitet","status":"publish","type":"page","link":"https:\/\/steroiderfortjejer.com\/?page_id=42","title":{"rendered":"k\u00f6p testosteron av h\u00f6g kvalitet"},"content":{"rendered":"\n<p>Idag pratas det om testosteron b\u00e5de i sociala medier och i flera reklamer. Allt fr\u00e5n testosteroners\u00e4ttning, till att boosta sina testosteronniv\u00e5er f\u00f6r att bygga muskelmassa och m\u00e5 bra. P\u00e5 anabolasteroider.net s\u00e5 finns det flera olika varianter av testosteron av h\u00f6g kvalitet till rimliga priser. <a href=\"https:\/\/anabolasteroider.net\/shop\/alla-produkter\/testosterone-enanthate-2000mg\/\">K\u00f6p testosteron<\/a> <a href=\"https:\/\/anabolasteroider.net\/shop\/alla-produkter\/testosterone-enanthate-2000mg\/\">p\u00e5 www.anabolasteroider.net<\/a><\/p>\n\n\n\n<div class=\"wp-block-media-text alignwide is-stacked-on-mobile\"><figure class=\"wp-block-media-text__media\"><img decoding=\"async\" loading=\"lazy\" width=\"768\" height=\"768\" src=\"https:\/\/steroiderfortjejer.com\/wp-content\/uploads\/2024\/03\/testosterone_enanthate_100mg_3-768x768-1.jpg\" alt=\"\" class=\"wp-image-43 size-full\" srcset=\"https:\/\/steroiderfortjejer.com\/wp-content\/uploads\/2024\/03\/testosterone_enanthate_100mg_3-768x768-1.jpg 768w, https:\/\/steroiderfortjejer.com\/wp-content\/uploads\/2024\/03\/testosterone_enanthate_100mg_3-768x768-1-300x300.jpg 300w, https:\/\/steroiderfortjejer.com\/wp-content\/uploads\/2024\/03\/testosterone_enanthate_100mg_3-768x768-1-150x150.jpg 150w\" sizes=\"(max-width: 768px) 100vw, 768px\" \/><\/figure><div class=\"wp-block-media-text__content\">\n<p>Testosterone Enanthate injiceras var 5:e \u2013 6:e dag f\u00f6r j\u00e4mna niv\u00e5er. H\u00f6gre doser g\u00e5r s\u00e4kert f\u00f6r en del m\u00e4n men detta \u00e4r enligt de flesta initierade hanterbart f\u00f6r de flesta anv\u00e4ndare. H\u00f6ga doser \u00f6kar risken f\u00f6r biverkningar. Endast rekommendationer utifr\u00e5n erfarenheter, all dosering sker p\u00e5 egen risk.\u00a0<\/p>\n\n\n\n<p>Bild och text \u00e4r h\u00e4mtat fr\u00e5n <a href=\"https:\/\/anabolasteroider.net\/shop\/alla-produkter\/testosterone-enanthate-2000mg\/\" target=\"_blank\" rel=\"noreferrer noopener\">anabolasteroider.net<\/a><\/p>\n<\/div><\/div>\n","protected":false},"excerpt":{"rendered":"<p>Idag pratas det om testosteron b\u00e5de i sociala medier och i flera reklamer. Allt fr\u00e5n testosteroners\u00e4ttning, till att boosta sina testosteronniv\u00e5er f\u00f6r att bygga muskelmassa och m\u00e5 bra. P\u00e5 anabolasteroider.net s\u00e5 finns det flera olika varianter av testosteron av h\u00f6g kvalitet till rimliga priser. K\u00f6p testosteron p\u00e5 www.anabolasteroider.net Testosterone Enanthate injiceras var 5:e \u2013 6:e&#8230;<\/p>\n","protected":false},"author":2,"featured_media":43,"parent":0,"menu_order":0,"comment_status":"closed","ping_status":"closed","template":"","meta":[],"yoast_head":"<!-- This site is optimized with the Yoast SEO plugin v20.2 - https:\/\/yoast.com\/wordpress\/plugins\/seo\/ -->\n<title>k\u00f6p testosteron av h\u00f6g kvalitet - steroiderfortjejer.com<\/title>\n<meta name=\"description\" content=\"P\u00e5 anabolasteroider.net s\u00e5 finns det flera olika varianter av testosteron av h\u00f6g kvalitet till rimliga priser.\" \/>\n<meta name=\"robots\" content=\"index, follow, max-snippet:-1, max-image-preview:large, max-video-preview:-1\" \/>\n<link rel=\"canonical\" href=\"https:\/\/steroiderfortjejer.com\/?page_id=42\" \/>\n<meta property=\"og:locale\" content=\"sv_SE\" \/>\n<meta property=\"og:type\" content=\"article\" \/>\n<meta property=\"og:title\" content=\"k\u00f6p testosteron av h\u00f6g kvalitet - steroiderfortjejer.com\" \/>\n<meta property=\"og:description\" content=\"P\u00e5 anabolasteroider.net s\u00e5 finns det flera olika varianter av testosteron av h\u00f6g kvalitet till rimliga priser.\" \/>\n<meta property=\"og:url\" content=\"https:\/\/steroiderfortjejer.com\/?page_id=42\" \/>\n<meta property=\"og:site_name\" content=\"steroiderfortjejer.com\" \/>\n<meta property=\"article:modified_time\" content=\"2024-03-24T14:33:51+00:00\" \/>\n<meta property=\"og:image\" content=\"http:\/\/steroiderfortjejer.com\/wp-content\/uploads\/2024\/03\/testosterone_enanthate_100mg_3-768x768-1.jpg\" \/>\n\t<meta property=\"og:image:width\" content=\"768\" \/>\n\t<meta property=\"og:image:height\" content=\"768\" \/>\n\t<meta property=\"og:image:type\" content=\"image\/jpeg\" \/>\n<meta name=\"twitter:card\" content=\"summary_large_image\" \/>\n<meta name=\"twitter:label1\" content=\"Ber\u00e4knad l\u00e4stid\" \/>\n\t<meta name=\"twitter:data1\" content=\"1 minut\" \/>\n<script type=\"application\/ld+json\" class=\"yoast-schema-graph\">{\"@context\":\"https:\/\/schema.org\",\"@graph\":[{\"@type\":\"WebPage\",\"@id\":\"https:\/\/steroiderfortjejer.com\/?page_id=42\",\"url\":\"https:\/\/steroiderfortjejer.com\/?page_id=42\",\"name\":\"k\u00f6p testosteron av h\u00f6g kvalitet - steroiderfortjejer.com\",\"isPartOf\":{\"@id\":\"https:\/\/steroiderfortjejer.com\/#website\"},\"datePublished\":\"2024-03-24T14:32:43+00:00\",\"dateModified\":\"2024-03-24T14:33:51+00:00\",\"description\":\"P\u00e5 anabolasteroider.net s\u00e5 finns det flera olika varianter av testosteron av h\u00f6g kvalitet till rimliga priser.\",\"breadcrumb\":{\"@id\":\"https:\/\/steroiderfortjejer.com\/?page_id=42#breadcrumb\"},\"inLanguage\":\"sv-SE\",\"potentialAction\":[{\"@type\":\"ReadAction\",\"target\":[\"https:\/\/steroiderfortjejer.com\/?page_id=42\"]}]},{\"@type\":\"BreadcrumbList\",\"@id\":\"https:\/\/steroiderfortjejer.com\/?page_id=42#breadcrumb\",\"itemListElement\":[{\"@type\":\"ListItem\",\"position\":1,\"name\":\"Hem\",\"item\":\"https:\/\/steroiderfortjejer.com\/\"},{\"@type\":\"ListItem\",\"position\":2,\"name\":\"k\u00f6p testosteron av h\u00f6g kvalitet\"}]},{\"@type\":\"WebSite\",\"@id\":\"https:\/\/steroiderfortjejer.com\/#website\",\"url\":\"https:\/\/steroiderfortjejer.com\/\",\"name\":\"steroiderfortjejer.com\",\"description\":\"\",\"potentialAction\":[{\"@type\":\"SearchAction\",\"target\":{\"@type\":\"EntryPoint\",\"urlTemplate\":\"https:\/\/steroiderfortjejer.com\/?s={search_term_string}\"},\"query-input\":\"required name=search_term_string\"}],\"inLanguage\":\"sv-SE\"}]}<\/script>\n<!-- \/ Yoast SEO plugin. -->","yoast_head_json":{"title":"k\u00f6p testosteron av h\u00f6g kvalitet - steroiderfortjejer.com","description":"P\u00e5 anabolasteroider.net s\u00e5 finns det flera olika varianter av testosteron av h\u00f6g kvalitet till rimliga priser.","robots":{"index":"index","follow":"follow","max-snippet":"max-snippet:-1","max-image-preview":"max-image-preview:large","max-video-preview":"max-video-preview:-1"},"canonical":"https:\/\/steroiderfortjejer.com\/?page_id=42","og_locale":"sv_SE","og_type":"article","og_title":"k\u00f6p testosteron av h\u00f6g kvalitet - steroiderfortjejer.com","og_description":"P\u00e5 anabolasteroider.net s\u00e5 finns det flera olika varianter av testosteron av h\u00f6g kvalitet till rimliga priser.","og_url":"https:\/\/steroiderfortjejer.com\/?page_id=42","og_site_name":"steroiderfortjejer.com","article_modified_time":"2024-03-24T14:33:51+00:00","og_image":[{"width":768,"height":768,"url":"http:\/\/steroiderfortjejer.com\/wp-content\/uploads\/2024\/03\/testosterone_enanthate_100mg_3-768x768-1.jpg","type":"image\/jpeg"}],"twitter_card":"summary_large_image","twitter_misc":{"Ber\u00e4knad l\u00e4stid":"1 minut"},"schema":{"@context":"https:\/\/schema.org","@graph":[{"@type":"WebPage","@id":"https:\/\/steroiderfortjejer.com\/?page_id=42","url":"https:\/\/steroiderfortjejer.com\/?page_id=42","name":"k\u00f6p testosteron av h\u00f6g kvalitet - steroiderfortjejer.com","isPartOf":{"@id":"https:\/\/steroiderfortjejer.com\/#website"},"datePublished":"2024-03-24T14:32:43+00:00","dateModified":"2024-03-24T14:33:51+00:00","description":"P\u00e5 anabolasteroider.net s\u00e5 finns det flera olika varianter av testosteron av h\u00f6g kvalitet till rimliga priser.","breadcrumb":{"@id":"https:\/\/steroiderfortjejer.com\/?page_id=42#breadcrumb"},"inLanguage":"sv-SE","potentialAction":[{"@type":"ReadAction","target":["https:\/\/steroiderfortjejer.com\/?page_id=42"]}]},{"@type":"BreadcrumbList","@id":"https:\/\/steroiderfortjejer.com\/?page_id=42#breadcrumb","itemListElement":[{"@type":"ListItem","position":1,"name":"Hem","item":"https:\/\/steroiderfortjejer.com\/"},{"@type":"ListItem","position":2,"name":"k\u00f6p testosteron av h\u00f6g kvalitet"}]},{"@type":"WebSite","@id":"https:\/\/steroiderfortjejer.com\/#website","url":"https:\/\/steroiderfortjejer.com\/","name":"steroiderfortjejer.com","description":"","potentialAction":[{"@type":"SearchAction","target":{"@type":"EntryPoint","urlTemplate":"https:\/\/steroiderfortjejer.com\/?s={search_term_string}"},"query-input":"required name=search_term_string"}],"inLanguage":"sv-SE"}]}},"_links":{"self":[{"href":"https:\/\/steroiderfortjejer.com\/index.php?rest_route=\/wp\/v2\/pages\/42"}],"collection":[{"href":"https:\/\/steroiderfortjejer.com\/index.php?rest_route=\/wp\/v2\/pages"}],"about":[{"href":"https:\/\/steroiderfortjejer.com\/index.php?rest_route=\/wp\/v2\/types\/page"}],"author":[{"embeddable":true,"href":"https:\/\/steroiderfortjejer.com\/index.php?rest_route=\/wp\/v2\/users\/2"}],"replies":[{"embeddable":true,"href":"https:\/\/steroiderfortjejer.com\/index.php?rest_route=%2Fwp%2Fv2%2Fcomments&post=42"}],"version-history":[{"count":2,"href":"https:\/\/steroiderfortjejer.com\/index.php?rest_route=\/wp\/v2\/pages\/42\/revisions"}],"predecessor-version":[{"id":46,"href":"https:\/\/steroiderfortjejer.com\/index.php?rest_route=\/wp\/v2\/pages\/42\/revisions\/46"}],"wp:featuredmedia":[{"embeddable":true,"href":"https:\/\/steroiderfortjejer.com\/index.php?rest_route=\/wp\/v2\/media\/43"}],"wp:attachment":[{"href":"https:\/\/steroiderfortjejer.com\/index.php?rest_route=%2Fwp%2Fv2%2Fmedia&parent=42"}],"curies":[{"name":"wp","href":"https:\/\/api.w.org\/{rel}","templated":true}]}}